{"id":2279,"date":"2023-09-12T12:45:42","date_gmt":"2023-09-12T10:45:42","guid":{"rendered":"https:\/\/lamadurada.com\/?page_id=2279"},"modified":"2026-04-02T08:45:07","modified_gmt":"2026-04-02T06:45:07","slug":"politica-de-privacidad","status":"publish","type":"page","link":"https:\/\/lamadurada.com\/ca\/politica-de-privacidad\/","title":{"rendered":"Pol\u00edtica de privacitat"},"content":{"rendered":"<section class=\"l-section wpb_row height_medium\"><div class=\"l-section-h i-cf\"><div class=\"g-cols vc_row via_grid cols_1 laptops-cols_inherit tablets-cols_inherit mobiles-cols_1 valign_top type_default stacking_default\"><div class=\"wpb_column vc_column_container\"><div class=\"vc_column-inner\"><div class=\"wpb_text_column\"><div class=\"wpb_wrapper\"><ol>\n<li><strong>Tractament de dades de car\u00e0cter personal<\/strong><\/li>\n<\/ol>\n<p>En compliment de l&#8217;establert en el Reglament (UE) 2016\/679 del Parlament Europeu i del Consell, de 27 d&#8217;abril de 2016, General de Protecci\u00f3 de Dades, i en tot all\u00f2 que no contravingui l&#8217;esmentada regulaci\u00f3, en la Llei Org\u00e0nica 3\/2018, de Protecci\u00f3 de Dades de Car\u00e0cter Personal i Garantia de Drets Digitals (d&#8217;ara endavant, \u201cLOPD\u201d), el titular del servei informa els usuaris d&#8217;aquest web del seg\u00fcent:<\/p>\n<ol start=\"2\">\n<li><strong>Responsable del tractament<\/strong><\/li>\n<\/ol>\n<ul>\n<li>Denominaci\u00f3 social: MARAGALL 408 INVERSIONES, S.L.<\/li>\n<li>NIF: B-56225428.<\/li>\n<li>Domicili social: Passeig Maragall, n\u00famero 408, baixos, local 2 Barcelona (08031) (Barcelona), Espanya.<\/li>\n<li>Email de contacte: <a href=\"mailto:administraci%C3%B3n@lamadurada.com\">administraci\u00f3n@lamadurada.com<\/a>.<\/li>\n<\/ul>\n<p>D&#8217;ara endavant, el \u201c<strong>Responsable del Tractament<\/strong>\u201d.<\/p>\n<ol start=\"3\">\n<li><strong>Finalitats del tractament i base legal<\/strong><\/li>\n<\/ol>\n<p>El Responsable del Tractament podr\u00e0 tractar les dades personals que els usuaris facilitin a trav\u00e9s de l&#8217;e-mail de contacte, mitjan\u00e7ant trucada telef\u00f2nica al n\u00famero assenyalat al lloc web o les aportades al mateix establiment, per a les seg\u00fcents finalitats:<\/p>\n<ol>\n<li>Realitzar i gestionar (per exemple, modificar, anul\u00b7lar, tornar a reservar) reserves al nostre establiment.<\/li>\n<li>Gestionar les consultes, sol\u00b7licituds o peticions plantejades pels usuaris.<\/li>\n<\/ol>\n<ul>\n<li>En determinades circumst\u00e0ncies, per al compliment d&#8217;un requeriment legal.<\/li>\n<\/ul>\n<p>En facilitar aquestes dades, l&#8217;usuari consent i autoritza expressament el titular del servei perqu\u00e8 reculli i tracti les pertinents dades de car\u00e0cter personal que se li sol\u00b7liciten de conformitat amb les finalitats i sota les condicions que en cada sup\u00f2sit es demani, constituint-se aquest consentiment com a base de legitimaci\u00f3 del tractament. Aix\u00ed mateix, les teves dades podran ser utilitzades per a l&#8217;aplicaci\u00f3 de mesures precontractuals quan utilitzis els nostres serveis i, en determinades circumst\u00e0ncies, es podran tractar les dades personals de l&#8217;usuari per obligaci\u00f3 legal o sota acreditaci\u00f3 d&#8217;un inter\u00e8s leg\u00edtim del nostre servei, incloent-hi la identificaci\u00f3 dels comensals. <\/p>\n<ol start=\"4\">\n<li><strong>Comunicaci\u00f3 de les dades<\/strong><\/li>\n<\/ol>\n<p>Les dades de l&#8217;usuari podran cedir-se a tercers quan existeixi una obligaci\u00f3 legal (autoritats administratives, jutges i tribunals, Forces i cossos de seguretat). Aix\u00ed mateix, podran tenir acc\u00e9s a les dades personals de l&#8217;usuari els encarregats del tractament del Responsable del Tractament, \u00e9s a dir, els prestadors de serveis que, per al desenvolupament de les seves funcions, hagin d&#8217;accedir a les dades. Els prestadors de serveis que accedeixen a les teves dades personals, amb car\u00e0cter general, es dediquen al sector administratiu i comptable.  <\/p>\n<ol start=\"5\">\n<li><strong>Conservaci\u00f3 de les dades<\/strong><\/li>\n<\/ol>\n<p>El titular del servei tractar\u00e0 les esmentades dades personals de conformitat amb les finalitats informades i sota les condicions que assenyala la normativa aplicable, durant el temps estrictament necessari per complir amb les finalitats informades, aix\u00ed com per al compliment de les obligacions legals que es derivin del tractament de les dades.<\/p>\n<ol start=\"6\">\n<li><strong>Exercici de drets<\/strong><\/li>\n<\/ol>\n<p>L&#8217;usuari t\u00e9 capacitat per exercir els seus drets d&#8217;acc\u00e9s, rectificaci\u00f3, supressi\u00f3, limitaci\u00f3 i revocaci\u00f3 del seu consentiment, per la qual cosa la informaci\u00f3 facilitada t\u00e9 un car\u00e0cter revocable. L&#8217;exercici d&#8217;aquests drets es podr\u00e0 efectuar a trav\u00e9s de mitjans digitals, mitjan\u00e7ant l&#8217;enviament d&#8217;un correu electr\u00f2nic a l&#8217;email <a href=\"mailto:administraci%C3%B3n@lamadurada.com\">administraci\u00f3n@lamadurada.com<\/a>, indicant, en tots dos casos, com a refer\u00e8ncia \u201cdades personals\u201d i el dret concret sobre el qual versi la seva pretensi\u00f3. Com que es tracta d&#8217;exercicis de drets de car\u00e0cter personal\u00edssim, \u00e9s possible que se&#8217;t requereixi, amb la teva sol\u00b7licitud, adjuntar una c\u00f2pia del teu document d&#8217;identificaci\u00f3 (DNI, NIF o passaport).  <\/p>\n<p>Si escau, tamb\u00e9 podr\u00e0s dirigir-te a l&#8217;autoritat de control que correspongui.<\/p>\n<ol start=\"7\">\n<li><strong>Mesures de seguretat<\/strong><\/li>\n<\/ol>\n<p>La informaci\u00f3 ser\u00e0 guardada i gestionada pel titular del servei amb les mesures t\u00e8cniques i organitzatives de seguretat necess\u00e0ries per garantir la deguda confidencialitat, integritat, disponibilitat i resili\u00e8ncia dels sistemes utilitzats, complint les disposicions que s&#8217;estableixen a la normativa aplicable.<\/p>\n<\/div><\/div><\/div><\/div><\/div><\/div><\/section>\n","protected":false},"excerpt":{"rendered":"Tractament de dades de car\u00e0cter personal En compliment de l&#8217;establert en el Reglament (UE) 2016\/679 del Parlament Europeu i del Consell, de 27 d&#8217;abril de 2016, General de Protecci\u00f3 de Dades, i en tot all\u00f2 que no contravingui l&#8217;esmentada regulaci\u00f3, en la Llei Org\u00e0nica 3\/2018, de Protecci\u00f3 de Dades de Car\u00e0cter Personal i Garantia de...","protected":false},"author":1,"featured_media":0,"parent":0,"menu_order":0,"comment_status":"closed","ping_status":"open","template":"","meta":{"footnotes":""},"class_list":["post-2279","page","type-page","status-publish","hentry"],"_links":{"self":[{"href":"https:\/\/lamadurada.com\/ca\/wp-json\/wp\/v2\/pages\/2279","targetHints":{"allow":["GET"]}}],"collection":[{"href":"https:\/\/lamadurada.com\/ca\/wp-json\/wp\/v2\/pages"}],"about":[{"href":"https:\/\/lamadurada.com\/ca\/wp-json\/wp\/v2\/types\/page"}],"author":[{"embeddable":true,"href":"https:\/\/lamadurada.com\/ca\/wp-json\/wp\/v2\/users\/1"}],"replies":[{"embeddable":true,"href":"https:\/\/lamadurada.com\/ca\/wp-json\/wp\/v2\/comments?post=2279"}],"version-history":[{"count":4,"href":"https:\/\/lamadurada.com\/ca\/wp-json\/wp\/v2\/pages\/2279\/revisions"}],"predecessor-version":[{"id":3003,"href":"https:\/\/lamadurada.com\/ca\/wp-json\/wp\/v2\/pages\/2279\/revisions\/3003"}],"wp:attachment":[{"href":"https:\/\/lamadurada.com\/ca\/wp-json\/wp\/v2\/media?parent=2279"}],"curies":[{"name":"wp","href":"https:\/\/api.w.org\/{rel}","templated":true}]}}