{"id":2284,"date":"2023-10-18T16:49:36","date_gmt":"2023-10-18T14:49:36","guid":{"rendered":"https:\/\/lamadurada.com\/?page_id=2284"},"modified":"2026-04-02T08:43:27","modified_gmt":"2026-04-02T06:43:27","slug":"politica-de-cookies","status":"publish","type":"page","link":"https:\/\/lamadurada.com\/ca\/politica-de-cookies\/","title":{"rendered":"Pol\u00edtica de cookies"},"content":{"rendered":"<section class=\"l-section wpb_row height_medium\"><div class=\"l-section-h i-cf\"><div class=\"g-cols vc_row via_grid cols_1 laptops-cols_inherit tablets-cols_inherit mobiles-cols_1 valign_top type_default stacking_default\"><div class=\"wpb_column vc_column_container\"><div class=\"vc_column-inner\"><div class=\"wpb_text_column\"><div class=\"wpb_wrapper\"><p>Una cookie \u00e9s un petit fragment de text que els llocs web que visites envien al navegador i que permet que el lloc web recordi informaci\u00f3 sobre la teva visita, com ara el teu idioma preferit i altres opcions, cosa que pot facilitar la teva propera visita i fer que el lloc et sigui m\u00e9s \u00fatil.<\/p>\n<p>Les cookies tenen un paper molt important, ja que, sense elles, l\u2019\u00fas del web seria una experi\u00e8ncia menys satisfact\u00f2ria.<\/p>\n<p>Si prefereixes bloquejar les cookies al teu navegador, ho pots fer modificant-ne la configuraci\u00f3. Tanmateix, aix\u00f2 pot impedir el funcionament correcte d\u2019algunes parts del nostre web, ja que tenen un paper essencial per a la prestaci\u00f3 dels nostres serveis.<\/p>\n<h4>Tipus de cookies utilitzades<\/h4>\n<p>Utilitzem diferents tipus de cookies per al funcionament de la nostra p\u00e0gina web. Una part o la totalitat de les cookies identificades a continuaci\u00f3 es poden emmagatzemar al teu navegador:<\/p>\n<ul>\n<li><strong>Cookies t\u00e8cniques: <\/strong>s\u00f3n les necess\u00e0ries per a la navegaci\u00f3 i el bon funcionament de la nostra p\u00e0gina web. Permeten, per exemple, controlar el tr\u00e0nsit i la comunicaci\u00f3 de dades, accedir a parts d\u2019acc\u00e9s restringit, utilitzar elements de seguretat, emmagatzemar continguts per poder difondre v\u00eddeos o compartir continguts a trav\u00e9s de xarxes socials.<\/li>\n<\/ul>\n<ul>\n<li><strong>Cookies de personalitzaci\u00f3:<\/strong> s\u00f3n les que et permeten accedir al servei amb unes caracter\u00edstiques predefinides en funci\u00f3 d\u2019una s\u00e8rie de criteris, com, per exemple, l\u2019idioma, el tipus de navegador a trav\u00e9s del qual s\u2019accedeix al servei, la configuraci\u00f3 regional des d\u2019on s\u2019accedeix al servei, etc.<\/li>\n<\/ul>\n<ul>\n<li><strong>Cookies d\u2019an\u00e0lisi:<\/strong> s\u00f3n les que ens permeten quantificar el nombre d\u2019usuaris i aix\u00ed fer la mesura i l\u2019an\u00e0lisi estad\u00edstica de l\u2019\u00fas que fan els usuaris dels serveis prestats. Per a aix\u00f2, s\u2019analitza la seva navegaci\u00f3 a la nostra p\u00e0gina web amb la finalitat de millorar l\u2019oferta de productes i\/o serveis que oferim.<\/li>\n<\/ul>\n<ul>\n<li><strong>Cookies de publicitat:<\/strong> s\u00f3n les que permeten la gesti\u00f3, de la manera m\u00e9s efica\u00e7 possible, dels espais publicitaris que, si escau, l\u2019editor hagi incl\u00f2s en una p\u00e0gina web, aplicaci\u00f3 o plataforma des de la qual presta el servei sol\u00b7licitat. Aquestes cookies emmagatzemen informaci\u00f3 del comportament dels usuaris obtinguda a trav\u00e9s de l\u2019observaci\u00f3 continuada dels seus h\u00e0bits de navegaci\u00f3, cosa que permet desenvolupar un perfil espec\u00edfic per mostrar publicitat en funci\u00f3 d\u2019aquest.<\/li>\n<\/ul>\n<p>Les cookies utilitzades a la nostra p\u00e0gina web poden ser:<\/p>\n<ul>\n<li><strong>Cookies pr\u00f2pies:<\/strong> s\u00f3n les que s\u2019envien al teu dispositiu des dels nostres propis equips o dominis i des del qual prestem el servei que ens sol\u00b7licites.<\/li>\n<\/ul>\n<ul>\n<li><strong>Cookies de tercers:<\/strong> s\u00f3n les que s\u2019envien al teu dispositiu des d\u2019un equip o domini que no \u00e9s gestionat per nosaltres, sin\u00f3 per una altra entitat col\u00b7laboradora com, per exemple, les utilitzades per xarxes socials o per contingut extern com Google Analytics.<\/li>\n<\/ul>\n<h4>Desactivar i\/o bloquejar les cookies<\/h4>\n<p>Pots permetre, bloquejar o eliminar les cookies instal\u00b7lades al teu dispositiu mitjan\u00e7ant la configuraci\u00f3 de les opcions del teu navegador d\u2019Internet.<\/p>\n<p>En cas que no permetis la instal\u00b7laci\u00f3 de cookies al teu navegador, \u00e9s possible que no puguis accedir a alguns dels serveis i que la teva experi\u00e8ncia al nostre web pugui resultar menys satisfact\u00f2ria.<\/p>\n<p>Als enlla\u00e7os seg\u00fcents tens a la teva disposici\u00f3 tota la informaci\u00f3 per configurar o deshabilitar les cookies a cada navegador:<\/p>\n<ul>\n<li><a href=\"http:\/\/support.google.com\/chrome\/answer\/95647\">Google Chrome<\/a><\/li>\n<li><a href=\"http:\/\/support.mozilla.org\/es\/kb\/habilitar-y-deshabilitar-cookies-que-los-sitios-we\">Mozilla Firefox<\/a><\/li>\n<li><a href=\"http:\/\/windows.microsoft.com\/es-es\/windows-vista\/block-or-allow-cookies\">Internet Explorer<\/a><\/li>\n<li><a href=\"https:\/\/support.apple.com\/kb\/PH19214\">Safari<\/a><\/li>\n<li><a href=\"http:\/\/support.apple.com\/kb\/ht1677\">Safari per a iOS<\/a><\/li>\n<li><a href=\"http:\/\/support.google.com\/chrome\/answer\/2392971\">Chrome per a Android<\/a><\/li>\n<\/ul>\n<h4>\u00das de cookies al lloc web<\/h4>\n<p>Aquest lloc web utilitza les cookies estrictament necess\u00e0ries per al seu funcionament correcte i per fer estad\u00edstiques d\u2019\u00fas del web.<\/p>\n<p>L\u2019emmagatzematge i el tractament de la informaci\u00f3 aix\u00ed obtinguda responen a una finalitat t\u00e8cnica, a fi d\u2019efectuar la transmissi\u00f3 d\u2019una comunicaci\u00f3 per una xarxa de comunicacions electr\u00f2niques, aix\u00ed com poder dur a terme la prestaci\u00f3 d\u2019un servei de la societat de la informaci\u00f3 expressament sol\u00b7licitat per l\u2019usuari registrat.<\/p>\n<p>El mateix usuari pot decidir respecte de l\u2019\u00fas o no de cookies de personalitzaci\u00f3 que recordin la seva interacci\u00f3 amb el sistema de reserves.<\/p>\n<p>En qualsevol cas, l\u2019usuari pot accedir al men\u00fa de prefer\u00e8ncies del seu navegador i configurar-lo perqu\u00e8 no s\u2019instal\u00b7lin cookies, esborrar les ja existents i\/o eliminar-les abans d\u2019iniciar la navegaci\u00f3 per altres p\u00e0gines del lloc web. Aix\u00ed mateix, pot utilitzar eines de bloqueig de cookies de rastreig com Do Not Track.<\/p>\n<\/div><\/div><\/div><\/div><\/div><\/div><\/section>\n","protected":false},"excerpt":{"rendered":"Una cookie \u00e9s un petit fragment de text que els llocs web que visites envien al navegador i que permet que el lloc web recordi informaci\u00f3 sobre la teva visita, com ara el teu idioma preferit i altres opcions, cosa que pot facilitar la teva propera visita i fer que el lloc et sigui m\u00e9s...","protected":false},"author":2,"featured_media":0,"parent":0,"menu_order":0,"comment_status":"closed","ping_status":"open","template":"","meta":{"footnotes":""},"class_list":["post-2284","page","type-page","status-publish","hentry"],"_links":{"self":[{"href":"https:\/\/lamadurada.com\/ca\/wp-json\/wp\/v2\/pages\/2284","targetHints":{"allow":["GET"]}}],"collection":[{"href":"https:\/\/lamadurada.com\/ca\/wp-json\/wp\/v2\/pages"}],"about":[{"href":"https:\/\/lamadurada.com\/ca\/wp-json\/wp\/v2\/types\/page"}],"author":[{"embeddable":true,"href":"https:\/\/lamadurada.com\/ca\/wp-json\/wp\/v2\/users\/2"}],"replies":[{"embeddable":true,"href":"https:\/\/lamadurada.com\/ca\/wp-json\/wp\/v2\/comments?post=2284"}],"version-history":[{"count":4,"href":"https:\/\/lamadurada.com\/ca\/wp-json\/wp\/v2\/pages\/2284\/revisions"}],"predecessor-version":[{"id":2945,"href":"https:\/\/lamadurada.com\/ca\/wp-json\/wp\/v2\/pages\/2284\/revisions\/2945"}],"wp:attachment":[{"href":"https:\/\/lamadurada.com\/ca\/wp-json\/wp\/v2\/media?parent=2284"}],"curies":[{"name":"wp","href":"https:\/\/api.w.org\/{rel}","templated":true}]}}