{"id":2289,"date":"2023-10-18T16:51:47","date_gmt":"2023-10-18T14:51:47","guid":{"rendered":"https:\/\/lamadurada.com\/?page_id=2289"},"modified":"2026-04-02T08:44:31","modified_gmt":"2026-04-02T06:44:31","slug":"aviso-legal","status":"publish","type":"page","link":"https:\/\/lamadurada.com\/ca\/aviso-legal\/","title":{"rendered":"Av\u00eds legal"},"content":{"rendered":"<section class=\"l-section wpb_row height_medium\"><div class=\"l-section-h i-cf\"><div class=\"g-cols vc_row via_grid cols_1 laptops-cols_inherit tablets-cols_inherit mobiles-cols_1 valign_top type_default stacking_default\"><div class=\"wpb_column vc_column_container\"><div class=\"vc_column-inner\"><div class=\"wpb_text_column\"><div class=\"wpb_wrapper\"><ol>\n<li><strong>Titular del Servei<\/strong><\/li>\n<\/ol>\n<p>En compliment del deure d\u2019informaci\u00f3 recollit a l\u2019article 10 de la Llei 34\/2002, d\u201911 de juliol, de serveis de la societat de la informaci\u00f3 i del comer\u00e7 electr\u00f2nic, a continuaci\u00f3 t\u2019informem de les dades del titular del present lloc web <a href=\"https:\/\/lamadurada.com\/ca\/\">https:\/\/lamadurada.com\/<\/a> (d\u2019ara endavant, el \u00ab<strong>Lloc Web<\/strong>\u00bb):<\/p>\n<ul>\n<li>Denominaci\u00f3 social: MARAGALL 408 INVERSIONES, S.L.<\/li>\n<li>NIF: B-56225428.<\/li>\n<li>Domicili social: Passeig Maragall, n\u00famero 408, baixos, local 2 Barcelona (08031) (Barcelona), Espanya.<\/li>\n<li>Dades d&#8217;inscripci\u00f3: Registre Mercantil de Barcelona, tom 48.903, foli 56, full B-600.347.<\/li>\n<\/ul>\n<p>D\u2019ara endavant, el \u00ab<strong>Titular<\/strong>\u00bb.<\/p>\n<p>L&#8217;adre\u00e7a de correu electr\u00f2nic de contacte del Titular \u00e9s <a href=\"mailto:administraci%C3%B3n@lamadurada.com\">administraci\u00f3n@lamadurada.com<\/a>.<\/p>\n<ol start=\"2\">\n<li><strong>Acceptaci\u00f3 de l&#8217;Usuari<\/strong><\/li>\n<\/ol>\n<p>Aquest Av\u00eds Legal regula l&#8217;\u00fas del Lloc Web <a href=\"https:\/\/lamadurada.com\/ca\/\">https:\/\/lamadurada.com\/<\/a>.<\/p>\n<p>Es considera usuari la persona que accedeixi, navegui, utilitzi o participi en els serveis i activitats del Lloc Web (d\u2019ara endavant, l\u2019\u00ab<strong>Usuari<\/strong>\u00bb).<\/p>\n<p>La navegaci\u00f3 pel Lloc Web per part de l&#8217;Usuari implica l&#8217;acceptaci\u00f3 plena i sense reserves de totes i cadascuna de les disposicions incloses en aquest Av\u00eds Legal, aix\u00ed com de la Pol\u00edtica de Privacitat i de Pol\u00edtica de Cookies establertes al Lloc Web. En fer \u00fas d&#8217;aquest Lloc Web, l&#8217;Usuari consent el tractament d&#8217;aquesta informaci\u00f3 i dades i declara que tota la informaci\u00f3 o dades que faciliti s\u00f3n veraces i es corresponen amb la realitat. <\/p>\n<ol start=\"3\">\n<li><strong>Condicions d&#8217;\u00das<\/strong><\/li>\n<\/ol>\n<p>L&#8217;Usuari s&#8217;obliga a fer un \u00fas correcte del Lloc Web de conformitat amb les lleis vigents, la bona fe, l&#8217;ordre p\u00fablic, els usos del tr\u00e0fic i aquest Av\u00eds Legal. L&#8217;Usuari respondr\u00e0 davant del Titular o davant de tercers, de qualssevol danys i perjudicis que poguessin causar-se com a conseq\u00fc\u00e8ncia de l&#8217;incompliment d&#8217;aquesta obligaci\u00f3. <\/p>\n<p>L&#8217;Usuari garanteix l&#8217;autenticitat i actualitat de totes aquelles dades que comuniqui al Titular i ser\u00e0 l&#8217;\u00fanic responsable de les manifestacions falses o inexactes que realitzi.<\/p>\n<p>L&#8217;\u00fas de qualsevol dels continguts del Lloc Web amb finalitats que siguin o poguessin ser il\u00b7l\u00edcites queda totalment prohibit, aix\u00ed com la realitzaci\u00f3 de qualsevol acci\u00f3 que causi o pugui causar danys o alteracions de qualsevol tipus al Lloc Web o als seus continguts, no consentides pel Titular.<\/p>\n<p>El Titular no s&#8217;identifica amb les opinions abocades en aquest per part dels seus col\u00b7laboradors. El Titular es reserva el dret d&#8217;efectuar, sense av\u00eds previ, les modificacions que consideri oportunes al seu Lloc Web, podent canviar, suprimir o afegir tant els continguts i serveis que es prestin a trav\u00e9s d&#8217;aquest com la forma en qu\u00e8 aquests apareguin presentats o localitzats als seus servidors. <\/p>\n<ol start=\"4\">\n<li><strong>Propietat intel\u00b7lectual i industrial<\/strong><\/li>\n<\/ol>\n<p>Els drets de propietat intel\u00b7lectual i industrial del contingut del Lloc Web, el seu disseny gr\u00e0fic i codis s\u00f3n titularitat del Titular i, per tant, queda prohibida la seva reproducci\u00f3, distribuci\u00f3, comunicaci\u00f3 p\u00fablica, transformaci\u00f3 o qualsevol altra activitat que es realitzi amb els continguts del Lloc Web, ni tan sols, encara que se citin les fonts, llevat que es compti amb el consentiment previ, expr\u00e9s i per escrit del Titular. Tots els noms comercials, marques o signes diferents de qualsevol classe continguts al Lloc Web del Titular s\u00f3n propietat dels seus propietaris i estan protegits per llei. <\/p>\n<p>El Titular no es responsabilitza de l&#8217;\u00fas que cada Usuari doni als materials posats a disposici\u00f3 en aquest Lloc Web ni de les actuacions que realitzi en base a aquests.<\/p>\n<ol start=\"5\">\n<li><strong>Pol\u00edtica de Reserves i Cancel\u00b7laci\u00f3<\/strong><\/li>\n<\/ol>\n<p>Els Usuaris podran realitzar les seves reserves pels diferents mitjans posats a disposici\u00f3 per a tal fi.<\/p>\n<p>Per realitzar una reserva, el Titular necessitar\u00e0 l&#8217;obtenci\u00f3 d&#8217;algunes dades personals de l&#8217;Usuari. Les dades proporcionades per l&#8217;Usuari hauran de ser exactes, actuals i veraces i el Titular realitzar\u00e0 el tractament de les dades conforme al que es preveu a la Pol\u00edtica de Privacitat (XXX). <\/p>\n<p>El servei de reserva t\u00e9 per finalitat la reserva d&#8217;un servei a l&#8217;establiment del Titular. No \u00e9s possible garantir una determinada ubicaci\u00f3 en el moment de la reserva. La reserva ser\u00e0 cancel\u00b7lada autom\u00e0ticament davant retards que superin els 15 minuts.  <\/p>\n<p>Certes reserves podran requerir l&#8217;acceptaci\u00f3 d&#8217;una Pol\u00edtica de Cancel\u00b7laci\u00f3 indicant, si escau, les condicions d&#8217;aquesta durant el proc\u00e9s de reserva.<\/p>\n<ol start=\"6\">\n<li><strong>Exclusi\u00f3 d&#8217;Usuaris<\/strong><\/li>\n<\/ol>\n<p>El Titular es reserva el dret de denegar una reserva a un Usuari de forma discrecional i quan ho consideri oport\u00fa, per millorar l&#8217;operativa del servei que presta. Per exemple, i sense car\u00e0cter limitatiu, el Titular podr\u00e0 denegar una reserva quan un mateix Usuari realitzi m\u00faltiples reserves o quan l&#8217;Usuari tingui un historial d&#8217;incompliment d&#8217;aquestes reserves, notificant pr\u00e8viament aquesta circumst\u00e0ncia a l&#8217;Usuari afectat. <\/p>\n<ol start=\"7\">\n<li><strong>Responsabilitats i garanties<\/strong><\/li>\n<\/ol>\n<p>El contingut d&#8217;aquest Lloc Web \u00e9s de car\u00e0cter general i t\u00e9 una finalitat merament informativa, sense que es garanteixi plenament l&#8217;acc\u00e9s a tots els continguts, ni la seva exhaustivitat, correcci\u00f3, vig\u00e8ncia o actualitat, ni la seva idone\u00eftat o utilitat per a un objectiu espec\u00edfic. El Titular no es fa responsable dels danys i perjudicis de tota naturalesa derivats de: <\/p>\n<ol>\n<li>La impossibilitat d&#8217;acc\u00e9s al Lloc Web o la falta de veracitat, exactitud i\/o actualitat dels continguts, aix\u00ed com l&#8217;exist\u00e8ncia de vicis i defectes de tota classe dels continguts als quals s&#8217;hagi accedit a trav\u00e9s del Lloc Web o dels serveis que s&#8217;ofereixen.<\/li>\n<li>La pres\u00e8ncia de virus o d&#8217;altres elements nocius.<\/li>\n<li>L&#8217;incompliment de les lleis, la bona fe, l&#8217;ordre p\u00fablic, els usos del tr\u00e0fic i aquest Av\u00eds Legal com a conseq\u00fc\u00e8ncia de l&#8217;\u00fas incorrecte del Lloc Web.<\/li>\n<li>L&#8217;\u00fas per part de menors d&#8217;edat del Lloc Web o de l&#8217;enviament de les seves dades personals sense el perm\u00eds dels seus tutors, sent els tutors responsables de l&#8217;\u00fas que facin d&#8217;Internet. Els continguts als quals l&#8217;Usuari pugui accedir a trav\u00e9s d&#8217;enlla\u00e7os no autoritzats o introdu\u00efts per Usuaris mitjan\u00e7ant comentaris o eines similars.<\/li>\n<li>La introducci\u00f3 de dades err\u00f2nies per part de l&#8217;Usuari o d&#8217;un tercer.<\/li>\n<\/ol>\n<p>El Titular podr\u00e0 suspendre, temporalment i sense av\u00eds previ, l&#8217;accessibilitat al Lloc Web amb motiu d&#8217;operacions de manteniment, reparaci\u00f3, actualitzaci\u00f3 o millora. No obstant aix\u00f2, sempre que les circumst\u00e0ncies ho permetin, el Titular comunicar\u00e0 a l&#8217;Usuari, amb antelaci\u00f3 suficient, la data prevista per a la suspensi\u00f3 dels continguts.<\/p>\n<p>Aix\u00ed mateix, el Titular es compromet a l&#8217;eliminaci\u00f3 o, si escau, bloqueig dels continguts que poguessin afectar o ser contraris a la legislaci\u00f3 vigent, els drets de tercers o la moral i ordre p\u00fablic.<\/p>\n<p>Aix\u00ed mateix, el Titular declina qualsevol responsabilitat respecte a la informaci\u00f3 que es trobi fora d&#8217;aquest Lloc Web i no sigui gestionada directament pel nostre webmaster. La funci\u00f3 dels enlla\u00e7os que apareixen en aquest web \u00e9s exclusivament la d&#8217;informar l&#8217;usuari sobre l&#8217;exist\u00e8ncia d&#8217;altres fonts susceptibles d&#8217;ampliar els continguts que ofereix aquest Lloc Web. El Titular no garanteix ni es responsabilitza del funcionament o accessibilitat dels llocs enlla\u00e7ats; ni suggereix, convida o recomana la visita a aquests, per la qual cosa tampoc ser\u00e0 responsable del resultat obtingut. El Titular no es responsabilitza de l&#8217;establiment d&#8217;hipervincles per part de tercers.<\/p>\n<ol start=\"8\">\n<li><strong>Legislaci\u00f3 aplicable i jurisdicci\u00f3 competent<\/strong><\/li>\n<\/ol>\n<p>La relaci\u00f3 entre el Titular i l&#8217;Usuari es regir\u00e0 per la normativa corresponent al lloc de l&#8217;establiment vigent i informat a l&#8217;Av\u00eds Legal i qualsevol controv\u00e8rsia se sotmetr\u00e0 als Jutjats i Tribunals del domicili del Titular.<\/p>\n<\/div><\/div><\/div><\/div><\/div><\/div><\/section>\n","protected":false},"excerpt":{"rendered":"Titular del Servei En compliment del deure d\u2019informaci\u00f3 recollit a l\u2019article 10 de la Llei 34\/2002, d\u201911 de juliol, de serveis de la societat de la informaci\u00f3 i del comer\u00e7 electr\u00f2nic, a continuaci\u00f3 t\u2019informem de les dades del titular del present lloc web https:\/\/lamadurada.com\/ (d\u2019ara endavant, el \u00abLloc Web\u00bb): Denominaci\u00f3 social: MARAGALL 408 INVERSIONES, S.L....","protected":false},"author":2,"featured_media":0,"parent":0,"menu_order":0,"comment_status":"closed","ping_status":"open","template":"","meta":{"footnotes":""},"class_list":["post-2289","page","type-page","status-publish","hentry"],"_links":{"self":[{"href":"https:\/\/lamadurada.com\/ca\/wp-json\/wp\/v2\/pages\/2289","targetHints":{"allow":["GET"]}}],"collection":[{"href":"https:\/\/lamadurada.com\/ca\/wp-json\/wp\/v2\/pages"}],"about":[{"href":"https:\/\/lamadurada.com\/ca\/wp-json\/wp\/v2\/types\/page"}],"author":[{"embeddable":true,"href":"https:\/\/lamadurada.com\/ca\/wp-json\/wp\/v2\/users\/2"}],"replies":[{"embeddable":true,"href":"https:\/\/lamadurada.com\/ca\/wp-json\/wp\/v2\/comments?post=2289"}],"version-history":[{"count":4,"href":"https:\/\/lamadurada.com\/ca\/wp-json\/wp\/v2\/pages\/2289\/revisions"}],"predecessor-version":[{"id":2978,"href":"https:\/\/lamadurada.com\/ca\/wp-json\/wp\/v2\/pages\/2289\/revisions\/2978"}],"wp:attachment":[{"href":"https:\/\/lamadurada.com\/ca\/wp-json\/wp\/v2\/media?parent=2289"}],"curies":[{"name":"wp","href":"https:\/\/api.w.org\/{rel}","templated":true}]}}