{"id":2533,"date":"2025-07-07T12:15:27","date_gmt":"2025-07-07T10:15:27","guid":{"rendered":"https:\/\/lamadurada.com\/inici-sant-andreu\/"},"modified":"2025-07-07T19:43:36","modified_gmt":"2025-07-07T17:43:36","slug":"sant-andreu","status":"publish","type":"page","link":"https:\/\/lamadurada.com\/ca\/sant-andreu\/","title":{"rendered":"Inici &#8211; Sant Andreu"},"content":{"rendered":"<section class=\"l-section wpb_row height_medium full_height valign_center color_primary with_img parallax_ver\"><div class=\"l-section-img\" role=\"img\" aria-label=\"Imatge\" data-img-width=\"1200\" data-img-height=\"1079\" style=\"background-image: url(https:\/\/lamadurada.com\/wp-content\/uploads\/2023\/09\/carne1.jpg);\"><\/div><div class=\"l-section-overlay\" style=\"background:rgba(0,0,0,0.55)\"><\/div><div class=\"l-section-h i-cf\"><div class=\"g-cols vc_row via_grid cols_2 laptops-cols_inherit tablets-cols_inherit mobiles-cols_1 valign_top type_default stacking_default\"><div class=\"wpb_column vc_column_container\"><div class=\"vc_column-inner\"><h2 class=\"w-text us_custom_59139a13\"><span class=\"w-text-h\"><span class=\"w-text-value\">La Madurada Sant Andreu<\/span><\/span><\/h2><div class=\"wpb_text_column\"><div class=\"wpb_wrapper\"><p>Tant per celebrar un dinar de negocis, un sopar rom\u00e0ntic o simplement per gaudir d&#8217;una experi\u00e8ncia culin\u00e0ria, La Madurada sempre satisfar\u00e0 les vostres necessitats.<\/p>\n<\/div><\/div><div class=\"w-separator size_small\"><\/div><div class=\"w-btn-wrapper align_none\"><a class=\"w-btn us-btn-style_6\" href=\"https:\/\/lamadurada-versalles.myrestoo.net\/ca\/reservar\"><span class=\"w-btn-label\">Reservar taula<\/span><\/a><\/div><\/div><\/div><div class=\"wpb_column vc_column_container\"><div class=\"vc_column-inner\"><\/div><\/div><\/div><\/div><\/section><section class=\"l-section wpb_row height_medium full_height valign_center color_primary with_img parallax_ver\"><div class=\"l-section-img\" role=\"img\" aria-label=\"Imatge\" data-img-width=\"1200\" data-img-height=\"1079\" style=\"background-image: url(https:\/\/lamadurada.com\/wp-content\/uploads\/2023\/09\/carne2.jpg);\"><\/div><div class=\"l-section-overlay\" style=\"background:rgba(0,0,0,0.55)\"><\/div><div class=\"l-section-h i-cf\"><div class=\"g-cols vc_row via_grid cols_2 laptops-cols_inherit tablets-cols_inherit mobiles-cols_1 valign_top type_default stacking_default\"><div class=\"wpb_column vc_column_container\"><div class=\"vc_column-inner\"><h2 class=\"w-text us_custom_59139a13\"><span class=\"w-text-h\"><span class=\"w-text-value\">Plats \u00fanics<\/span><\/span><\/h2><div class=\"wpb_text_column\"><div class=\"wpb_wrapper\"><p>Una del\u00edcia pels amants de la carn: El nostre restaurant ofereix suculentes carns madurades, preparades a la perfecci\u00f3, per brindar una experi\u00e8ncia gastron\u00f2mica inigualable. A m\u00e9s de carn, tamb\u00e9 podreu gaudir d&#8217;una altra gran varietat de plats.<\/p>\n<\/div><\/div><div class=\"w-separator size_small\"><\/div><div class=\"w-btn-wrapper align_none\"><a class=\"w-btn us-btn-style_6\" href=\"https:\/\/lamadurada.com\/ca\/sant-andreu\/carta\/\"><span class=\"w-btn-label\">Veure carta<\/span><\/a><\/div><\/div><\/div><div class=\"wpb_column vc_column_container\"><div class=\"vc_column-inner\"><\/div><\/div><\/div><\/div><\/section><section class=\"l-section wpb_row height_medium full_height valign_center color_primary with_img parallax_ver\"><div class=\"l-section-img\" role=\"img\" aria-label=\"Imatge\" data-img-width=\"1200\" data-img-height=\"1500\" style=\"background-image: url(https:\/\/lamadurada.com\/wp-content\/uploads\/2023\/12\/WEB-La-Madurada-20231114-Barcelona-Moneo.Moneo-0004.jpg);\"><\/div><div class=\"l-section-overlay\" style=\"background:rgba(0,0,0,0.55)\"><\/div><div class=\"l-section-h i-cf\"><div class=\"g-cols vc_row via_grid cols_2 laptops-cols_inherit tablets-cols_inherit mobiles-cols_1 valign_top type_default stacking_default\"><div class=\"wpb_column vc_column_container\"><div class=\"vc_column-inner\"><h2 class=\"w-text us_custom_59139a13\"><span class=\"w-text-h\"><span class=\"w-text-value\">Interior encantador<\/span><\/span><\/h2><div class=\"wpb_text_column\"><div class=\"wpb_wrapper\"><p>El nostre restaurant est\u00e0 impregnat de la bellesa i el misteri de la natura, amb una decoraci\u00f3 que evoca l\u00b4exuber\u00e0ncia de la jungla. Gaudeix de la millor carn en un entorn que et far\u00e0 sentir com si estiguessis sopant al mig de la selva, envoltat de vegetaci\u00f3 ex\u00f2tica i una atmosfera m\u00e0gica.<\/p>\n<\/div><\/div><div class=\"w-separator size_small\"><\/div><div class=\"w-btn-wrapper align_none\"><a class=\"w-btn us-btn-style_6\" href=\"https:\/\/lamadurada.com\/ca\/sant-andreu\/galeria\/\"><span class=\"w-btn-label\">Veure galeria<\/span><\/a><\/div><\/div><\/div><div class=\"wpb_column vc_column_container\"><div class=\"vc_column-inner\"><\/div><\/div><\/div><\/div><\/section>\n","protected":false},"excerpt":{"rendered":"La Madurada Sant AndreuTant per celebrar un dinar de negocis, un sopar rom\u00e0ntic o simplement per gaudir d&#8217;una experi\u00e8ncia culin\u00e0ria, La Madurada sempre satisfar\u00e0 les vostres necessitats. Reservar taulaPlats \u00fanicsUna del\u00edcia pels amants de la carn: El nostre restaurant ofereix suculentes carns madurades, preparades a la perfecci\u00f3, per brindar una experi\u00e8ncia gastron\u00f2mica inigualable. A m\u00e9s...","protected":false},"author":2,"featured_media":0,"parent":0,"menu_order":0,"comment_status":"closed","ping_status":"closed","template":"","meta":{"footnotes":""},"class_list":["post-2533","page","type-page","status-publish","hentry"],"_links":{"self":[{"href":"https:\/\/lamadurada.com\/ca\/wp-json\/wp\/v2\/pages\/2533","targetHints":{"allow":["GET"]}}],"collection":[{"href":"https:\/\/lamadurada.com\/ca\/wp-json\/wp\/v2\/pages"}],"about":[{"href":"https:\/\/lamadurada.com\/ca\/wp-json\/wp\/v2\/types\/page"}],"author":[{"embeddable":true,"href":"https:\/\/lamadurada.com\/ca\/wp-json\/wp\/v2\/users\/2"}],"replies":[{"embeddable":true,"href":"https:\/\/lamadurada.com\/ca\/wp-json\/wp\/v2\/comments?post=2533"}],"version-history":[{"count":8,"href":"https:\/\/lamadurada.com\/ca\/wp-json\/wp\/v2\/pages\/2533\/revisions"}],"predecessor-version":[{"id":2578,"href":"https:\/\/lamadurada.com\/ca\/wp-json\/wp\/v2\/pages\/2533\/revisions\/2578"}],"wp:attachment":[{"href":"https:\/\/lamadurada.com\/ca\/wp-json\/wp\/v2\/media?parent=2533"}],"curies":[{"name":"wp","href":"https:\/\/api.w.org\/{rel}","templated":true}]}}