{"id":2540,"date":"2025-07-07T13:14:19","date_gmt":"2025-07-07T11:14:19","guid":{"rendered":"https:\/\/lamadurada.com\/inici-sant-andreu\/contacte-sant-andreu\/"},"modified":"2025-07-07T16:32:13","modified_gmt":"2025-07-07T14:32:13","slug":"contacte","status":"publish","type":"page","link":"https:\/\/lamadurada.com\/ca\/sant-andreu\/contacte\/","title":{"rendered":"Contacte &#8211; Sant Andreu"},"content":{"rendered":"<section class=\"l-section wpb_row height_auto width_full color_alternate\"><div class=\"l-section-h i-cf\"><div class=\"g-cols vc_row via_grid cols_1 laptops-cols_inherit tablets-cols_inherit mobiles-cols_1 valign_top type_default stacking_default\"><div class=\"wpb_column vc_column_container\"><div class=\"vc_column-inner\"><div class=\"w-map provider_google\" id=\"us_map_1\"><div class=\"w-map-inner\"><div class=\"w-map-json\" onclick='return {&quot;address&quot;:&quot;Carrer Gran de Sant Andreu, 255, Sant Andreu, Barcelona&quot;,&quot;disableDragging&quot;:1,&quot;disableZoom&quot;:1,&quot;hideControls&quot;:1,&quot;zoom&quot;:14,&quot;markers&quot;:[{&quot;address&quot;:&quot;Carrer Gran de Sant Andreu, 255, Sant Andreu, Barcelona&quot;,&quot;html&quot;:&quot;&lt;h6&gt;\\u00a1Ey, estem aqu\\u00ed!&lt;\\\/h6&gt;&quot;,&quot;infowindow&quot;:0}],&quot;maptype&quot;:&quot;ROADMAP&quot;}'><\/div><div class=\"w-map-style-json\" onclick='return [\n    {\n        \"stylers\": [\n            {\n                \"hue\": \"#ff1a00\"\n            },\n            {\n                \"invert_lightness\": true\n            },\n            {\n                \"saturation\": -100\n            },\n            {\n                \"lightness\": 33\n            },\n            {\n                \"gamma\": 0.5\n            }\n        ]\n    },\n    {\n        \"featureType\": \"water\",\n        \"elementType\": \"geometry\",\n        \"stylers\": [\n            {\n                \"color\": \"#2D333C\"\n            }\n        ]\n    }\n]'><\/div><\/div><\/div><\/div><\/div><\/div><\/div><\/section><section class=\"l-section wpb_row height_medium\"><div class=\"l-section-h i-cf\"><div class=\"g-cols vc_row via_grid cols_1 laptops-cols_inherit tablets-cols_inherit mobiles-cols_1 valign_top type_default stacking_default\" style=\"--columns-gap:calc(3rem + 10px);\"><div class=\"wpb_column vc_column_container\"><div class=\"vc_column-inner\"><div class=\"wpb_text_column\"><div class=\"wpb_wrapper\"><h2>Contacte<\/h2>\n<\/div><\/div><div class=\"w-separator size_large\"><\/div><div class=\"g-cols wpb_row via_grid cols_2 laptops-cols_inherit tablets-cols_inherit mobiles-cols_1 valign_top type_default stacking_default\" style=\"--columns-gap:3rem;\"><div class=\"wpb_column vc_column_container\"><div class=\"vc_column-inner\"><div class=\"w-iconbox us_custom_c9b60dea iconpos_left style_default color_primary align_left no_text\"><a href=\"https:\/\/maps.app.goo.gl\/qyk8qnVv9YSXV7Yk9\" class=\"w-iconbox-link\" aria-label=\"Carrer Gran de Sant Andreu, 255, Sant Andreu, Barcelona\"><div class=\"w-iconbox-icon\" style=\"font-size:2.5rem;\"><i class=\"fal fa-map-marker-alt\"><\/i><\/div><\/a><div class=\"w-iconbox-meta\"><h4 class=\"w-iconbox-title\"><a href=\"https:\/\/maps.app.goo.gl\/qyk8qnVv9YSXV7Yk9\" class=\"w-iconbox-link\" aria-label=\"Carrer Gran de Sant Andreu, 255, Sant Andreu, Barcelona\">Carrer Gran de Sant Andreu, 255, Sant Andreu, Barcelona<\/a><\/h4><\/div><\/div><div class=\"w-separator size_small\"><\/div><div class=\"w-iconbox us_custom_c9b60dea iconpos_left style_default color_primary align_left no_text\"><a href=\"tel:938322766\" class=\"w-iconbox-link\" aria-label=\"938 32 27 66\"><div class=\"w-iconbox-icon\" style=\"font-size:2.5rem;\"><i class=\"fal fa-phone\"><\/i><\/div><\/a><div class=\"w-iconbox-meta\"><h4 class=\"w-iconbox-title\"><a href=\"tel:938322766\" class=\"w-iconbox-link\" aria-label=\"938 32 27 66\">938 32 27 66<\/a><\/h4><\/div><\/div><div class=\"w-separator size_small\"><\/div><div class=\"w-iconbox us_custom_c9b60dea iconpos_left style_default color_primary align_left no_text\"><a href=\"mailto:reservas@lamaduradaversalles.com\" class=\"w-iconbox-link\" aria-label=\"reservas@lamaduradaversalles.com\"><div class=\"w-iconbox-icon\" style=\"font-size:2.5rem;\"><i class=\"fal fa-envelope\"><\/i><\/div><\/a><div class=\"w-iconbox-meta\"><h4 class=\"w-iconbox-title\"><a href=\"mailto:reservas@lamaduradaversalles.com\" class=\"w-iconbox-link\" aria-label=\"reservas@lamaduradaversalles.com\">reservas@lamaduradaversalles.com<\/a><\/h4><\/div><\/div><\/div><\/div><div class=\"wpb_column vc_column_container\"><div class=\"vc_column-inner\"><form class=\"w-form  us-field-style_1 layout_ver show_message_after_sending for_cform us_form_1\" action=\"https:\/\/lamadurada.com\/ca\/wp-json\/wp\/v2\/pages\/2540\" method=\"post\"><div class=\"w-form-h\"><div class=\"w-form-row for_text has_label move_label with_icon cols_2\">\r\n\t\t\t<div class=\"w-form-row-label\">\r\n\t\t\t<span>Nom<\/span>\r\n\t\t<\/div>\r\n\t\t<div class=\"w-form-row-field\">\r\n\t\t\t\t<i class=\"fal fa-user\"><\/i>\t\t<input aria-label=\"Nom\" type=\"text\" name=\"us_form_1_text_1\" value placeholder\/>\r\n\t\t\t<\/div>\r\n\t\t<div class=\"w-form-row-state\">Fill out this field<\/div>\r\n<\/div>\r\n<div class=\"w-form-row for_email has_label move_label required with_icon cols_2\">\r\n\t\t\t<div class=\"w-form-row-label\">\r\n\t\t\t<span>Email *<\/span>\r\n\t\t<\/div>\r\n\t\t<div class=\"w-form-row-field\">\r\n\t\t\t\t<i class=\"fal fa-envelope\"><\/i>\t\t<input aria-label=\"Email\" type=\"email\" name=\"us_form_1_email_1\" value placeholder data-required=\"true\" aria-required=\"true\"\/>\r\n\t\t\t<\/div>\r\n\t\t<div class=\"w-form-row-state\">Introdu\u00efu una adre\u00e7a electr\u00f2nica v\u00e0lida.<\/div>\r\n<\/div>\r\n<div class=\"w-form-row for_textarea has_label move_label required with_icon\">\r\n\t\t\t<div class=\"w-form-row-label\">\r\n\t\t\t<span>Missatge  *<\/span>\r\n\t\t<\/div>\r\n\t\t<div class=\"w-form-row-field\">\r\n\t\t\t\t<i class=\"fal fa-pencil\"><\/i>\t\t<textarea aria-label=\"Missatge \" name=\"us_form_1_textarea_1\" placeholder data-required=\"true\" aria-required=\"true\"><\/textarea>\r\n\t\t\t<\/div>\r\n\t\t<div class=\"w-form-row-state\">Fill out this field<\/div>\r\n<\/div>\r\n<input type=\"hidden\" name=\"action\" value=\"us_ajax_cform\" \/>\r\n<input type=\"hidden\" name=\"post_id\" value=\"0\" \/>\r\n<input type=\"hidden\" name=\"form_index\" value=\"1\" \/>\r\n<div class=\"w-form-row for_submit align_none\"><button class=\"w-btn us-btn-style_6\" type=\"submit\" aria-label=\"Enviar missatge\"><span class=\"g-preloader type_1\"><\/span><span class=\"w-btn-label\">Enviar missatge<\/span><\/button><\/div><\/div><div class=\"w-form-message\"><\/div><div class=\"w-form-json hidden\" onclick='return {&quot;ajaxurl&quot;:&quot;https:\\\/\\\/lamadurada.com\\\/wp-admin\\\/admin-ajax.php&quot;,&quot;messages&quot;:{&quot;err_empty&quot;:&quot;Fill out this field&quot;,&quot;err_size&quot;:&quot;File size cannot exceed %s MB&quot;,&quot;err_extension&quot;:&quot;%s file type is not allowed&quot;,&quot;err_recaptcha_keys&quot;:&quot;reCAPTCHA keys are incorrect&quot;}}'><\/div><\/form><\/div><\/div><\/div><\/div><\/div><\/div><\/div><\/section>\n","protected":false},"excerpt":{"rendered":"Contacte Carrer Gran de Sant Andreu, 255, Sant Andreu, Barcelona938 32 27 66reservas@lamaduradaversalles.com Nom Fill out this field Email * Introdu\u00efu una adre\u00e7a electr\u00f2nica v\u00e0lida. Missatge * Fill out this field Enviar missatge","protected":false},"author":2,"featured_media":0,"parent":2533,"menu_order":0,"comment_status":"closed","ping_status":"closed","template":"","meta":{"footnotes":""},"class_list":["post-2540","page","type-page","status-publish","hentry"],"_links":{"self":[{"href":"https:\/\/lamadurada.com\/ca\/wp-json\/wp\/v2\/pages\/2540","targetHints":{"allow":["GET"]}}],"collection":[{"href":"https:\/\/lamadurada.com\/ca\/wp-json\/wp\/v2\/pages"}],"about":[{"href":"https:\/\/lamadurada.com\/ca\/wp-json\/wp\/v2\/types\/page"}],"author":[{"embeddable":true,"href":"https:\/\/lamadurada.com\/ca\/wp-json\/wp\/v2\/users\/2"}],"replies":[{"embeddable":true,"href":"https:\/\/lamadurada.com\/ca\/wp-json\/wp\/v2\/comments?post=2540"}],"version-history":[{"count":2,"href":"https:\/\/lamadurada.com\/ca\/wp-json\/wp\/v2\/pages\/2540\/revisions"}],"predecessor-version":[{"id":2542,"href":"https:\/\/lamadurada.com\/ca\/wp-json\/wp\/v2\/pages\/2540\/revisions\/2542"}],"up":[{"embeddable":true,"href":"https:\/\/lamadurada.com\/ca\/wp-json\/wp\/v2\/pages\/2533"}],"wp:attachment":[{"href":"https:\/\/lamadurada.com\/ca\/wp-json\/wp\/v2\/media?parent=2540"}],"curies":[{"name":"wp","href":"https:\/\/api.w.org\/{rel}","templated":true}]}}