{"id":2544,"date":"2025-07-07T13:28:18","date_gmt":"2025-07-07T11:28:18","guid":{"rendered":"https:\/\/lamadurada.com\/inici-sant-andreu\/nosaltres-sant-andreu\/"},"modified":"2025-07-07T19:33:44","modified_gmt":"2025-07-07T17:33:44","slug":"nosaltres","status":"publish","type":"page","link":"https:\/\/lamadurada.com\/ca\/sant-andreu\/nosaltres\/","title":{"rendered":"Nosaltres &#8211; Sant Andreu"},"content":{"rendered":"<section class=\"l-section wpb_row height_medium\"><div class=\"l-section-h i-cf\"><div class=\"g-cols vc_row via_grid cols_2 laptops-cols_inherit tablets-cols_inherit mobiles-cols_1 valign_top type_default reversed stacking_default\"><div class=\"wpb_column vc_column_container\"><div class=\"vc_column-inner\"><div class=\"wpb_text_column\"><div class=\"wpb_wrapper\"><p>El nostre xef executiu, Joaqu\u00edn S\u00e1nchez, ent\u00e9n que l&#8217;espurna de la creativitat, no \u00e9s suficient per conduir un restaurant d&#8217;excel\u00b7l\u00e8ncia. En aquest viatge culinari, ell sap que un equip comprom\u00e8s es converteix en alguna cosa m\u00e9s que col\u00b7laboradors; es converteixen en una aut\u00e8ntica fam\u00edlia gastron\u00f2mica!<\/p>\n<p>Imagina endinsar-te al nostre santuari gastron\u00f2mic, on cada dia, el nostre equip treballa incansablement per brindar-te un servei no nom\u00e9s excepcional, sin\u00f3 proper i memorable. Tot plegat, en un entorn que es fon entre la calidesa i l&#8217;exuber\u00e0ncia, com una selva m\u00e0gica.<\/p>\n<p>El nostre restaurant est\u00e0 dissenyat amb m\u00faltiples racons i espais perqu\u00e8 puguis gaudir de la fant\u00e0stica atm\u00f3sfera que oferim, per\u00f2 tamb\u00e9 per a aquells que cerquen la tranquil\u00b7litat i la intimitat.<\/p>\n<p>La recepta secreta que utilitzem per crear experi\u00e8ncies inoblidables \u00e9s la nostra cuina al carb\u00f3, on es combinen tres elements crucials: el foc, que d\u00f3na vida a cada plat; l&#8217;aroma de les nostres carns madurades, que evoca un delit anticipat; i el temps, que perfecciona cada mossegada fins a assolir l&#8217;excel\u00b7l\u00e8ncia.<\/p>\n<p>Parlem de carns, el nostre leitmotiv, que es desplega en una fascinant gamma de talls, races, proced\u00e8ncies i maduracions. Per\u00f2 aix\u00f2 no \u00e9s tot, al nostre rac\u00f3 culinari tamb\u00e9 trobar\u00e0s una ecl\u00e8ctica selecci\u00f3 de tapes fredes i calentes, peixos frescos i amanides vibrants.<\/p>\n<p>Vine i submergeix-te en un m\u00f3n de sabors mediterranis que et transportaran a un viatge gastron\u00f2mic inigualables. El teu paladar es convertir\u00e0 en un explorador d&#8217;emocions culin\u00e0ries a cada mos. T&#8217;esperem amb els bra\u00e7os oberts perqu\u00e8 visquis una experi\u00e8ncia que mai oblidar\u00e0s!<\/p>\n<\/div><\/div><\/div><\/div><div class=\"wpb_column vc_column_container\"><div class=\"vc_column-inner\"><div class=\"w-image align_center\"><div class=\"w-image-h\"><img decoding=\"async\" width=\"1024\" height=\"1024\" src=\"https:\/\/lamadurada.com\/wp-content\/uploads\/2025\/07\/Instagram-pos-2t-1024x1024.webp\" class=\"attachment-large size-large\" alt=\"\" loading=\"lazy\" srcset=\"https:\/\/lamadurada.com\/wp-content\/uploads\/2025\/07\/Instagram-pos-2t-1024x1024.webp 1024w, https:\/\/lamadurada.com\/wp-content\/uploads\/2025\/07\/Instagram-pos-2t-300x300.webp 300w, https:\/\/lamadurada.com\/wp-content\/uploads\/2025\/07\/Instagram-pos-2t-150x150.webp 150w, https:\/\/lamadurada.com\/wp-content\/uploads\/2025\/07\/Instagram-pos-2t-500x500.webp 500w, https:\/\/lamadurada.com\/wp-content\/uploads\/2025\/07\/Instagram-pos-2t-600x600.webp 600w, https:\/\/lamadurada.com\/wp-content\/uploads\/2025\/07\/Instagram-pos-2t.webp 1620w\" sizes=\"auto, (max-width: 1024px) 100vw, 1024px\" \/><\/div><\/div><div class=\"w-separator size_large\"><\/div><\/div><\/div><\/div><\/div><\/section>\n","protected":false},"excerpt":{"rendered":"El nostre xef executiu, Joaqu\u00edn S\u00e1nchez, ent\u00e9n que l&#8217;espurna de la creativitat, no \u00e9s suficient per conduir un restaurant d&#8217;excel\u00b7l\u00e8ncia. En aquest viatge culinari, ell sap que un equip comprom\u00e8s es converteix en alguna cosa m\u00e9s que col\u00b7laboradors; es converteixen en una aut\u00e8ntica fam\u00edlia gastron\u00f2mica! Imagina endinsar-te al nostre santuari gastron\u00f2mic, on cada dia, el...","protected":false},"author":2,"featured_media":2126,"parent":2533,"menu_order":0,"comment_status":"closed","ping_status":"closed","template":"","meta":{"footnotes":""},"class_list":["post-2544","page","type-page","status-publish","has-post-thumbnail","hentry"],"_links":{"self":[{"href":"https:\/\/lamadurada.com\/ca\/wp-json\/wp\/v2\/pages\/2544","targetHints":{"allow":["GET"]}}],"collection":[{"href":"https:\/\/lamadurada.com\/ca\/wp-json\/wp\/v2\/pages"}],"about":[{"href":"https:\/\/lamadurada.com\/ca\/wp-json\/wp\/v2\/types\/page"}],"author":[{"embeddable":true,"href":"https:\/\/lamadurada.com\/ca\/wp-json\/wp\/v2\/users\/2"}],"replies":[{"embeddable":true,"href":"https:\/\/lamadurada.com\/ca\/wp-json\/wp\/v2\/comments?post=2544"}],"version-history":[{"count":6,"href":"https:\/\/lamadurada.com\/ca\/wp-json\/wp\/v2\/pages\/2544\/revisions"}],"predecessor-version":[{"id":2574,"href":"https:\/\/lamadurada.com\/ca\/wp-json\/wp\/v2\/pages\/2544\/revisions\/2574"}],"up":[{"embeddable":true,"href":"https:\/\/lamadurada.com\/ca\/wp-json\/wp\/v2\/pages\/2533"}],"wp:featuredmedia":[{"embeddable":true,"href":"https:\/\/lamadurada.com\/ca\/wp-json\/wp\/v2\/media\/2126"}],"wp:attachment":[{"href":"https:\/\/lamadurada.com\/ca\/wp-json\/wp\/v2\/media?parent=2544"}],"curies":[{"name":"wp","href":"https:\/\/api.w.org\/{rel}","templated":true}]}}