{"id":2629,"date":"2025-07-08T16:02:30","date_gmt":"2025-07-08T14:02:30","guid":{"rendered":"https:\/\/lamadurada.com\/blog\/"},"modified":"2026-04-09T12:28:08","modified_gmt":"2026-04-09T10:28:08","slug":"blog","status":"publish","type":"page","link":"https:\/\/lamadurada.com\/ca\/blog\/","title":{"rendered":"Blog"},"content":{"rendered":"<section class=\"l-section wpb_row height_medium\"><div class=\"l-section-h i-cf\"><div class=\"g-cols vc_row via_grid cols_1 laptops-cols_inherit tablets-cols_inherit mobiles-cols_1 valign_top type_default stacking_default\"><div class=\"wpb_column vc_column_container\"><div class=\"vc_column-inner\"><div class=\"w-separator size_medium\"><\/div><div class=\"w-grid us_post_list apply_url_params type_grid layout_blog_8 cols_2 overflow_hidden preload_style_spinner\" id=\"us_post_list_bc61\" style=\"--columns:2;--gap:4vh;\"><style>@media (max-width:1024px){#us_post_list_bc61{--columns:1!important}}@media (max-width:600px){#us_post_list_bc61{--columns:1!important}}.layout_blog_8 .w-grid-item-h{}@media(max-width:599px){.layout_blog_8 .usg_post_date_1{display:none!important}}@media(max-width:599px){.layout_blog_8 .usg_post_content_1{display:none!important}}.layout_blog_8 .usg_post_image_1{width:50%!important}.layout_blog_8 .usg_vwrapper_1{width:50%!important;margin-right:0!important}.layout_blog_8 .usg_hwrapper_2{margin-bottom:0!important}.layout_blog_8 .usg_post_taxonomy_1{font-size:14px!important;line-height:1.4!important;font-weight:700!important;text-transform:uppercase!important;margin-right:0.8rem!important}.layout_blog_8 .usg_post_date_1{color:var(--color-content-faded)!important;font-size:14px!important;line-height:1.4!important}.layout_blog_8 .usg_post_title_1{color:var(--color-content-heading)!important;font-size:1.8rem!important;line-height:1.2!important;margin-right:-35%!important;margin-bottom:0!important;padding-top:1rem!important;padding-right:1.2rem!important;padding-bottom:1rem!important;background:var(--color-content-bg)!important}.layout_blog_8 .usg_post_content_1{font-size:0.9rem!important;line-height:1.6!important;padding-right:1.5rem!important}@media (max-width:600px){.layout_blog_8 .usg_post_title_1{font-size:1.2rem!important;margin-right:0!important;padding-bottom:0!important}}<\/style><div class=\"w-grid-list\">\t<article class=\"w-grid-item size_1x1 post-2685 post type-post status-publish format-standard has-post-thumbnail hentry category-sin-categorizar\" data-id=\"2685\">\r\n\t\t<div class=\"w-grid-item-h\">\r\n\t\t\t\t\t\t<div class=\"w-hwrapper usg_hwrapper_1 align_none valign_top\"><div class=\"w-vwrapper usg_vwrapper_1 align_none valign_top\"><div class=\"w-hwrapper usg_hwrapper_2 align_none valign_top wrap\"><div class=\"w-post-elm post_taxonomy usg_post_taxonomy_1 style_simple\"><a class=\"term-1 term-sin-categorizar\" href=\"https:\/\/lamadurada.com\/ca\/category\/sin-categorizar\/\"><span class=\"w-btn-label\">Sin categorizar<\/span><\/a><\/div><time class=\"w-post-elm post_date usg_post_date_1 has_text_color entry-date published\" datetime=\"2026-01-13T14:05:02+01:00\" title=\"13 gener 2026 a les 14:05:02 Europe\/Madrid\">fa 3 mesos<\/time><\/div><h2 class=\"w-post-elm post_title usg_post_title_1 has_text_color entry-title color_link_inherit\"><a href=\"https:\/\/lamadurada.com\/ca\/escalivada-a-la-brasa-con-romesco-dos-joyas-de-la-cocina-catalana-en-un-solo-plato\/\">Escalivada a la brasa con romesco: dos joyas de la cocina catalana en un solo plato<\/a><\/h2><div class=\"w-post-elm post_content usg_post_content_1\">Escalivada a la brasa con romesco: dos joyas de la cocina catalana en un solo plato Hay platos que son mucho m\u00e1s que una&hellip;<\/div><\/div><div class=\"w-post-elm post_image usg_post_image_1 has_width has_ratio\"><a href=\"https:\/\/lamadurada.com\/ca\/escalivada-a-la-brasa-con-romesco-dos-joyas-de-la-cocina-catalana-en-un-solo-plato\/\" aria-label=\"Escalivada a la brasa con romesco: dos joyas de la cocina catalana en un solo plato\"><img loading=\"lazy\" decoding=\"async\" width=\"1024\" height=\"576\" src=\"https:\/\/lamadurada.com\/wp-content\/uploads\/2026\/01\/Projekt-bez-nazwy-3-1-1024x576.webp\" class=\"attachment-large size-large wp-post-image\" alt=\"Escalivada a la brasa con salsa romesco, entrante de cocina catalana en el restaurante La Madurada, Horta y Sant Andreu, Barcelona\" \/><\/a><div style=\"padding-bottom:100%\"><\/div><\/div><\/div>\t\t<\/div>\r\n\t\t\t<\/article>\r\n\t<article class=\"w-grid-item size_1x1 post-2667 post type-post status-publish format-standard has-post-thumbnail hentry category-sin-categorizar\" data-id=\"2667\">\r\n\t\t<div class=\"w-grid-item-h\">\r\n\t\t\t\t\t\t<div class=\"w-hwrapper usg_hwrapper_1 align_none valign_top\"><div class=\"w-vwrapper usg_vwrapper_1 align_none valign_top\"><div class=\"w-hwrapper usg_hwrapper_2 align_none valign_top wrap\"><div class=\"w-post-elm post_taxonomy usg_post_taxonomy_1 style_simple\"><a class=\"term-1 term-sin-categorizar\" href=\"https:\/\/lamadurada.com\/ca\/category\/sin-categorizar\/\"><span class=\"w-btn-label\">Sin categorizar<\/span><\/a><\/div><time class=\"w-post-elm post_date usg_post_date_1 has_text_color entry-date published\" datetime=\"2025-12-10T12:38:41+01:00\" title=\"10 desembre 2025 a les 12:38:41 Europe\/Madrid\">fa 4 mesos<\/time><\/div><h2 class=\"w-post-elm post_title usg_post_title_1 has_text_color entry-title color_link_inherit\"><a href=\"https:\/\/lamadurada.com\/ca\/cenas-y-comidas-para-grupos-en-la-madurada-carne-amigos-y-celebracion\/\">Cenas y comidas para grupos en La Madurada: carne, amigos y celebraci\u00f3n<\/a><\/h2><div class=\"w-post-elm post_content usg_post_content_1\">Porque las mejores reuniones se disfrutan alrededor de una mesa Hay cosas que unen: una buena carne, una mesa compartida y la sensaci\u00f3n de&hellip;<\/div><\/div><div class=\"w-post-elm post_image usg_post_image_1 has_width has_ratio\"><a href=\"https:\/\/lamadurada.com\/ca\/cenas-y-comidas-para-grupos-en-la-madurada-carne-amigos-y-celebracion\/\" aria-label=\"Cenas y comidas para grupos en La Madurada: carne, amigos y celebraci\u00f3n\"><img loading=\"lazy\" decoding=\"async\" width=\"1024\" height=\"576\" src=\"https:\/\/lamadurada.com\/wp-content\/uploads\/2025\/12\/Projekt-bez-nazwy-15-1024x576.webp\" class=\"attachment-large size-large wp-post-image\" alt=\"Cenas para grupos de amigos y familia a la carta en Horta Sant Andreu, restaurante la Madurada.\" \/><\/a><div style=\"padding-bottom:100%\"><\/div><\/div><\/div>\t\t<\/div>\r\n\t\t\t<\/article>\r\n\t<article class=\"w-grid-item size_1x1 post-2658 post type-post status-publish format-standard has-post-thumbnail hentry category-sin-categorizar\" data-id=\"2658\">\r\n\t\t<div class=\"w-grid-item-h\">\r\n\t\t\t\t\t\t<div class=\"w-hwrapper usg_hwrapper_1 align_none valign_top\"><div class=\"w-vwrapper usg_vwrapper_1 align_none valign_top\"><div class=\"w-hwrapper usg_hwrapper_2 align_none valign_top wrap\"><div class=\"w-post-elm post_taxonomy usg_post_taxonomy_1 style_simple\"><a class=\"term-1 term-sin-categorizar\" href=\"https:\/\/lamadurada.com\/ca\/category\/sin-categorizar\/\"><span class=\"w-btn-label\">Sin categorizar<\/span><\/a><\/div><time class=\"w-post-elm post_date usg_post_date_1 has_text_color entry-date published\" datetime=\"2025-11-27T11:46:27+01:00\" title=\"27 novembre 2025 a les 11:46:27 Europe\/Madrid\">fa 5 mesos<\/time><\/div><h2 class=\"w-post-elm post_title usg_post_title_1 has_text_color entry-title color_link_inherit\"><a href=\"https:\/\/lamadurada.com\/ca\/entrana-un-corte-tan-tierno-que-se-funde-en-la-boca\/\">Entra\u00f1a, un corte tan tierno que se funde en la boca<\/a><\/h2><div class=\"w-post-elm post_content usg_post_content_1\">Entra\u00f1a de ternera, un corte muy tierno cocinado al carb\u00f3n del restaurante La Madurada steak house, mejores restaurantes de carne en Barcelona\u00a0 La entra\u00f1a&hellip;<\/div><\/div><div class=\"w-post-elm post_image usg_post_image_1 has_width has_ratio\"><a href=\"https:\/\/lamadurada.com\/ca\/entrana-un-corte-tan-tierno-que-se-funde-en-la-boca\/\" aria-label=\"Entra\u00f1a, un corte tan tierno que se funde en la boca\"><img loading=\"lazy\" decoding=\"async\" width=\"1024\" height=\"576\" src=\"https:\/\/lamadurada.com\/wp-content\/uploads\/2025\/11\/Projekt-bez-nazwy-11-1024x576.webp\" class=\"attachment-large size-large wp-post-image\" alt=\"Entra\u00f1a de ternera, un corte muy tierno cocinado al carb\u00f3n del restaurante La Madurada steak house, mejores restaurantes de carne en Barcelona\" \/><\/a><div style=\"padding-bottom:100%\"><\/div><\/div><\/div>\t\t<\/div>\r\n\t\t\t<\/article>\r\n\t<article class=\"w-grid-item size_1x1 post-2648 post type-post status-publish format-standard has-post-thumbnail hentry category-sin-categorizar\" data-id=\"2648\">\r\n\t\t<div class=\"w-grid-item-h\">\r\n\t\t\t\t\t\t<div class=\"w-hwrapper usg_hwrapper_1 align_none valign_top\"><div class=\"w-vwrapper usg_vwrapper_1 align_none valign_top\"><div class=\"w-hwrapper usg_hwrapper_2 align_none valign_top wrap\"><div class=\"w-post-elm post_taxonomy usg_post_taxonomy_1 style_simple\"><a class=\"term-1 term-sin-categorizar\" href=\"https:\/\/lamadurada.com\/ca\/category\/sin-categorizar\/\"><span class=\"w-btn-label\">Sin categorizar<\/span><\/a><\/div><time class=\"w-post-elm post_date usg_post_date_1 has_text_color entry-date published\" datetime=\"2025-11-12T10:43:34+01:00\" title=\"12 novembre 2025 a les 10:43:34 Europe\/Madrid\">fa 5 mesos<\/time><\/div><h2 class=\"w-post-elm post_title usg_post_title_1 has_text_color entry-title color_link_inherit\"><a href=\"https:\/\/lamadurada.com\/ca\/pulpo-a-la-brasa-con-parmentier-historia-de-un-pure-de-patata-con-nombre-propio\/\">Pulpo a la brasa con parmentier: historia de un pur\u00e9 de patata con nombre propio<\/a><\/h2><div class=\"w-post-elm post_content usg_post_content_1\">Uno de los entrantes m\u00e1s populares de La Madurada consiste en un pur\u00e9 de patatas extremadamente cremoso, perfecto para recoger el jugo de una&hellip;<\/div><\/div><div class=\"w-post-elm post_image usg_post_image_1 has_width has_ratio\"><a href=\"https:\/\/lamadurada.com\/ca\/pulpo-a-la-brasa-con-parmentier-historia-de-un-pure-de-patata-con-nombre-propio\/\" aria-label=\"Pulpo a la brasa con parmentier: historia de un pur\u00e9 de patata con nombre propio\"><img loading=\"lazy\" decoding=\"async\" width=\"1024\" height=\"576\" src=\"https:\/\/lamadurada.com\/wp-content\/uploads\/2025\/11\/Projekt-bez-nazwy-4-1024x576.webp\" class=\"attachment-large size-large wp-post-image\" alt=\"Pulpo a la brasa con parmentier de patata, entrante de la carta del restaurante La Madurada en Guinard\u00f3, Barcelona\" \/><\/a><div style=\"padding-bottom:100%\"><\/div><\/div><\/div>\t\t<\/div>\r\n\t\t\t<\/article>\r\n\t<article class=\"w-grid-item size_1x1 post-2634 post type-post status-publish format-standard has-post-thumbnail hentry category-sin-categorizar\" data-id=\"2634\">\r\n\t\t<div class=\"w-grid-item-h\">\r\n\t\t\t\t\t\t<div class=\"w-hwrapper usg_hwrapper_1 align_none valign_top\"><div class=\"w-vwrapper usg_vwrapper_1 align_none valign_top\"><div class=\"w-hwrapper usg_hwrapper_2 align_none valign_top wrap\"><div class=\"w-post-elm post_taxonomy usg_post_taxonomy_1 style_simple\"><a class=\"term-1 term-sin-categorizar\" href=\"https:\/\/lamadurada.com\/ca\/category\/sin-categorizar\/\"><span class=\"w-btn-label\">Sin categorizar<\/span><\/a><\/div><time class=\"w-post-elm post_date usg_post_date_1 has_text_color entry-date published\" datetime=\"2025-10-29T11:31:03+01:00\" title=\"29 octubre 2025 a les 11:31:03 Europe\/Madrid\">fa 6 mesos<\/time><\/div><h2 class=\"w-post-elm post_title usg_post_title_1 has_text_color entry-title color_link_inherit\"><a href=\"https:\/\/lamadurada.com\/ca\/chimichurri-la-salsa-argentina-para-carne-a-la-brasa\/\">Chimichurri, la salsa argentina per a carn a la brasa<\/a><\/h2><div class=\"w-post-elm post_content usg_post_content_1\">El chimichurri \u00e9s una salsa tradicional argentina que es fa servir per amanir carns, especialment en rostits (graellades) a la brasa. Tamb\u00e9 \u00e9s habitual&hellip;<\/div><\/div><div class=\"w-post-elm post_image usg_post_image_1 has_width has_ratio\"><a href=\"https:\/\/lamadurada.com\/ca\/chimichurri-la-salsa-argentina-para-carne-a-la-brasa\/\" aria-label=\"Chimichurri, la salsa argentina per a carn a la brasa\"><img loading=\"lazy\" decoding=\"async\" width=\"819\" height=\"1024\" src=\"https:\/\/lamadurada.com\/wp-content\/uploads\/2025\/10\/INSTAGRAM-La-Madurada-20240404-Barcelona-MoneoMoneo-0031-819x1024.webp\" class=\"attachment-large size-large wp-post-image\" alt=\"Buit marinat en chimichurri argent\u00ed a la brasa, del men\u00fa de carns fresques del restaurant La Madurada steak house a Guinard\u00f3, Barcelona\" \/><\/a><div style=\"padding-bottom:100%\"><\/div><\/div><\/div>\t\t<\/div>\r\n\t\t\t<\/article>\r\n<\/div><div class=\"g-loadmore hidden\"><div class=\"g-preloader type_1\"><div><\/div><\/div><\/div><div class=\"w-grid-list-json hidden\" onclick='return {&quot;max_num_pages&quot;:0,&quot;paginationBase&quot;:&quot;page&quot;,&quot;pagination&quot;:&quot;none&quot;,&quot;paged&quot;:1,&quot;ajaxData&quot;:{&quot;action&quot;:&quot;us_ajax_post_list&quot;,&quot;meta_type&quot;:&quot;post&quot;,&quot;object_id&quot;:0,&quot;template_vars&quot;:{&quot;shortcode_base&quot;:&quot;us_post_list&quot;,&quot;paged&quot;:1,&quot;max_num_pages&quot;:0,&quot;no_results&quot;:false,&quot;us_post_content_design_css&quot;:[],&quot;found_posts&quot;:0,&quot;per_page&quot;:999,&quot;items_count&quot;:5,&quot;orderby_random_seed&quot;:null,&quot;source&quot;:&quot;all&quot;,&quot;ids&quot;:&quot;&quot;,&quot;post_type&quot;:&quot;post&quot;,&quot;attachment_ids&quot;:null,&quot;include_post_thumbnail&quot;:0,&quot;post_author&quot;:&quot;any&quot;,&quot;post_author_ids&quot;:&quot;&quot;,&quot;apply_url_params&quot;:&quot;1&quot;,&quot;ignore_sticky_posts&quot;:&quot;0&quot;,&quot;exclude_children&quot;:0,&quot;exclude_current_post&quot;:1,&quot;exclude_prev_posts&quot;:0,&quot;exclude_past_events&quot;:&quot;1&quot;,&quot;enable_items_offset&quot;:0,&quot;items_offset&quot;:&quot;1&quot;,&quot;tax_query_relation&quot;:&quot;none&quot;,&quot;tax_query&quot;:[{&quot;operator&quot;:&quot;IN&quot;,&quot;taxonomy&quot;:&quot;category&quot;,&quot;terms&quot;:&quot;&quot;,&quot;include_children&quot;:0}],&quot;meta_query_relation&quot;:&quot;none&quot;,&quot;meta_query&quot;:[{&quot;key&quot;:&quot;custom_field_name&quot;,&quot;compare&quot;:&quot;=&quot;,&quot;value&quot;:&quot;&quot;}],&quot;orderby&quot;:&quot;date&quot;,&quot;orderby_custom_field&quot;:&quot;&quot;,&quot;orderby_custom_type&quot;:0,&quot;order_invert&quot;:&quot;1&quot;,&quot;show_all&quot;:&quot;1&quot;,&quot;quantity&quot;:&quot;12&quot;,&quot;posts_per_archive_page&quot;:0,&quot;no_items_action&quot;:&quot;message&quot;,&quot;no_items_message&quot;:&quot;No s&#039;ha trobat cap resultat.&quot;,&quot;no_items_page_block&quot;:&quot;&quot;,&quot;pagination&quot;:&quot;none&quot;,&quot;pagination_style&quot;:&quot;&quot;,&quot;pagination_btn_text&quot;:&quot;Load More&quot;,&quot;pagination_btn_size&quot;:&quot;&quot;,&quot;pagination_btn_style&quot;:&quot;1&quot;,&quot;pagination_btn_fullwidth&quot;:0,&quot;items_layout&quot;:&quot;blog_8&quot;,&quot;type&quot;:&quot;grid&quot;,&quot;items_valign&quot;:0,&quot;ignore_items_size&quot;:0,&quot;columns&quot;:&quot;2&quot;,&quot;items_gap&quot;:&quot;4vh&quot;,&quot;load_animation&quot;:&quot;none&quot;,&quot;items_preload_style&quot;:&quot;spinner&quot;,&quot;img_size&quot;:&quot;large&quot;,&quot;title_size&quot;:&quot;&quot;,&quot;items_ratio&quot;:&quot;default&quot;,&quot;items_ratio_width&quot;:&quot;21&quot;,&quot;items_ratio_height&quot;:&quot;9&quot;,&quot;overriding_link&quot;:&quot;%7B%22url%22%3A%22%22%7D&quot;,&quot;popup_page_template&quot;:&quot;0&quot;,&quot;popup_width&quot;:&quot;&quot;,&quot;popup_arrows&quot;:1,&quot;breakpoint_1_width&quot;:&quot;1381px&quot;,&quot;breakpoint_1_cols&quot;:&quot;3&quot;,&quot;breakpoint_1_quantity&quot;:&quot;&quot;,&quot;breakpoint_1_gap&quot;:&quot;&quot;,&quot;breakpoint_2_width&quot;:&quot;1025px&quot;,&quot;breakpoint_2_cols&quot;:&quot;1&quot;,&quot;breakpoint_2_quantity&quot;:&quot;&quot;,&quot;breakpoint_2_gap&quot;:&quot;&quot;,&quot;breakpoint_3_width&quot;:&quot;601px&quot;,&quot;breakpoint_3_cols&quot;:&quot;1&quot;,&quot;breakpoint_3_quantity&quot;:&quot;&quot;,&quot;breakpoint_3_gap&quot;:&quot;&quot;,&quot;conditions_operator&quot;:&quot;always&quot;,&quot;conditions&quot;:[],&quot;css&quot;:null,&quot;el_class&quot;:&quot;&quot;,&quot;el_id&quot;:&quot;&quot;,&quot;enable_custom_html_atts&quot;:0,&quot;custom_html_atts&quot;:null,&quot;hide_on_states&quot;:&quot;&quot;,&quot;hide_for_sticky&quot;:0,&quot;hide_for_not_sticky&quot;:0,&quot;hide_below&quot;:&quot;0px&quot;,&quot;hide_above&quot;:&quot;0px&quot;,&quot;classes&quot;:&quot;&quot;},&quot;found_posts&quot;:0,&quot;per_page&quot;:999,&quot;list_filters&quot;:&quot;[]&quot;},&quot;facetedFilter&quot;:{&quot;query_args_unfiltered&quot;:&quot;{\\&quot;ignore_sticky_posts\\&quot;:false,\\&quot;post__not_in\\&quot;:[],\\&quot;tax_query\\&quot;:[],\\&quot;meta_query\\&quot;:[],\\&quot;posts_per_page\\&quot;:999,\\&quot;paged\\&quot;:1,\\&quot;apply_list_url_params\\&quot;:true,\\&quot;post_type\\&quot;:[\\&quot;post\\&quot;],\\&quot;no_found_rows\\&quot;:true,\\&quot;post_status\\&quot;:\\&quot;publish\\&quot;}&quot;}}'><\/div><\/div><\/div><\/div><\/div><\/div><\/section>\n","protected":false},"excerpt":{"rendered":"El chimichurri \u00e9s una salsa tradicional argentina que es fa servir per amanir carns, especialment en rostits (graellades) a la brasa. Tamb\u00e9 \u00e9s habitual en altres gastronomies d'Am\u00e8rica Llatina, com Uruguai i Paraguai. La seva frescor, aroma i sabor equilibrat entre l'\u00e0cid, l'herbaci, el picant i l'umami l'han fet traspassar fronteres. \u00c9s perfecte per real\u00e7ar...","protected":false},"author":2,"featured_media":0,"parent":0,"menu_order":0,"comment_status":"closed","ping_status":"closed","template":"","meta":{"footnotes":""},"class_list":["post-2629","page","type-page","status-publish","hentry"],"_links":{"self":[{"href":"https:\/\/lamadurada.com\/ca\/wp-json\/wp\/v2\/pages\/2629","targetHints":{"allow":["GET"]}}],"collection":[{"href":"https:\/\/lamadurada.com\/ca\/wp-json\/wp\/v2\/pages"}],"about":[{"href":"https:\/\/lamadurada.com\/ca\/wp-json\/wp\/v2\/types\/page"}],"author":[{"embeddable":true,"href":"https:\/\/lamadurada.com\/ca\/wp-json\/wp\/v2\/users\/2"}],"replies":[{"embeddable":true,"href":"https:\/\/lamadurada.com\/ca\/wp-json\/wp\/v2\/comments?post=2629"}],"version-history":[{"count":4,"href":"https:\/\/lamadurada.com\/ca\/wp-json\/wp\/v2\/pages\/2629\/revisions"}],"predecessor-version":[{"id":3158,"href":"https:\/\/lamadurada.com\/ca\/wp-json\/wp\/v2\/pages\/2629\/revisions\/3158"}],"wp:attachment":[{"href":"https:\/\/lamadurada.com\/ca\/wp-json\/wp\/v2\/media?parent=2629"}],"curies":[{"name":"wp","href":"https:\/\/api.w.org\/{rel}","templated":true}]}}